{"id":8862,"date":"2025-03-10T00:57:22","date_gmt":"2025-03-09T23:57:22","guid":{"rendered":"https:\/\/thedukeshops.com\/?page_id=8862"},"modified":"2025-03-12T12:18:08","modified_gmt":"2025-03-12T11:18:08","slug":"the-duke-gallery","status":"publish","type":"page","link":"https:\/\/thedukeshops.com\/es\/the-duke-gallery\/","title":{"rendered":"The Duke Gallery"},"content":{"rendered":"\t\t<div data-elementor-type=\"wp-page\" data-elementor-id=\"8862\" class=\"elementor elementor-8862 elementor-8848\" data-elementor-post-type=\"page\">\n\t\t\t\t<div class=\"elementor-element elementor-element-75cadd2 e-flex e-con-boxed qodef-elementor-content-no e-con e-parent\" data-id=\"75cadd2\" data-element_type=\"container\" data-e-type=\"container\">\n\t\t\t\t\t<div class=\"e-con-inner\">\n\t\t<div class=\"elementor-element elementor-element-217406b e-con-full e-flex qodef-elementor-content-no e-con e-child\" data-id=\"217406b\" data-element_type=\"container\" data-e-type=\"container\">\n\t\t\t\t<div class=\"elementor-element elementor-element-6ad8c44 elementor-widget elementor-widget-eldon_core_custom_font\" data-id=\"6ad8c44\" data-element_type=\"widget\" data-e-type=\"widget\" data-widget_type=\"eldon_core_custom_font.default\">\n\t\t\t\t<div class=\"elementor-widget-container\">\n\t\t\t\t\t<div class=\"qodef-shortcode qodef-m  qodef-custom-font qodef-custom-font-277 qodef-layout--simple qodef-alignment--left qodef--has-appear\" >\n\t\t<h1 class=\"qodef-custom-font-content\" style=\"color: #6BBBAE\"><span class=\"qodef-m-emphasized-holder\"><span class=\"qodef-m-title--emphasized\">La<\/span><\/span> <span class=\"qodef-m-emphasized-holder\"><span class=\"qodef-m-title--emphasized\">Galer\u00eda<\/span><\/span> <span class=\"qodef-animated-text-holder\"><span class=\"qodef-animated-text-original\">Duke<\/span><span class=\"qodef-animated-text-duplicate\">Duke<\/span><\/span><\/h1>\n<\/div>\t\t\t\t<\/div>\n\t\t\t\t<\/div>\n\t\t\t\t<div class=\"elementor-element elementor-element-12c4a56 elementor-widget elementor-widget-text-editor\" data-id=\"12c4a56\" data-element_type=\"widget\" data-e-type=\"widget\" data-widget_type=\"text-editor.default\">\n\t\t\t\t<div class=\"elementor-widget-container\">\n\t\t\t\t\t\t\t\t\t<p>Si quieres hacer uso de nuestro espacio en The Duke Gallery para tu exposici\u00f3n, acto, taller o presentaci\u00f3n, no dudes en ponerte en contacto con nosotros utilizando el siguiente formulario.<\/p>\t\t\t\t\t\t\t\t<\/div>\n\t\t\t\t<\/div>\n\t\t\t\t<div class=\"elementor-element elementor-element-5f07d6e elementor-widget elementor-widget-text-editor\" data-id=\"5f07d6e\" data-element_type=\"widget\" data-e-type=\"widget\" data-widget_type=\"text-editor.default\">\n\t\t\t\t<div class=\"elementor-widget-container\">\n\t\t\t\t\t\t\t\t\t<p>[contact-form-7 id=\u00bb9690bee\u00bb title=\u00bbFormulario de contacto\u00bb]<\/p>\t\t\t\t\t\t\t\t<\/div>\n\t\t\t\t<\/div>\n\t\t\t\t<\/div>\n\t\t<div class=\"elementor-element elementor-element-83c813a e-con-full e-flex qodef-elementor-content-no e-con e-child\" data-id=\"83c813a\" data-element_type=\"container\" data-e-type=\"container\" data-settings=\"{&quot;background_background&quot;:&quot;classic&quot;}\">\n\t\t\t\t<div class=\"elementor-element elementor-element-631da29 elementor-hidden-desktop elementor-hidden-tablet elementor-widget elementor-widget-image\" data-id=\"631da29\" data-element_type=\"widget\" data-e-type=\"widget\" data-widget_type=\"image.default\">\n\t\t\t\t<div class=\"elementor-widget-container\">\n\t\t\t\t\t\t\t\t\t\t\t\t\t\t\t<img fetchpriority=\"high\" decoding=\"async\" width=\"1024\" height=\"578\" src=\"https:\/\/thedukeshops.com\/wp-content\/uploads\/2025\/03\/DSCF7157-1-1024x578.jpg\" class=\"attachment-large size-large wp-image-8853\" alt=\"\" srcset=\"https:\/\/thedukeshops.com\/wp-content\/uploads\/2025\/03\/DSCF7157-1-1024x578.jpg 1024w, https:\/\/thedukeshops.com\/wp-content\/uploads\/2025\/03\/DSCF7157-1-300x169.jpg 300w, https:\/\/thedukeshops.com\/wp-content\/uploads\/2025\/03\/DSCF7157-1-768x433.jpg 768w, https:\/\/thedukeshops.com\/wp-content\/uploads\/2025\/03\/DSCF7157-1-1536x866.jpg 1536w, https:\/\/thedukeshops.com\/wp-content\/uploads\/2025\/03\/DSCF7157-1-2048x1155.jpg 2048w\" sizes=\"(max-width: 1024px) 100vw, 1024px\" \/>\t\t\t\t\t\t\t\t\t\t\t\t\t\t\t<\/div>\n\t\t\t\t<\/div>\n\t\t\t\t<\/div>\n\t\t\t\t\t<\/div>\n\t\t\t\t<\/div>\n\t\t\t\t<\/div>\n\t\t","protected":false},"excerpt":{"rendered":"<p>La Galer\u00eda DukeDuke Si quieres hacer uso de nuestro espacio en The Duke Gallery para tu exposici\u00f3n, acto, taller o presentaci\u00f3n, no dudes en ponerte en contacto con nosotros utilizando el siguiente formulario. [contact-form-7 id=\u00bb9690bee\u00bb title=\u00bbFormulario de contacto\u00bb]<\/p>\n","protected":false},"author":1,"featured_media":8850,"parent":0,"menu_order":0,"comment_status":"closed","ping_status":"closed","template":"","meta":{"footnotes":""},"class_list":["post-8862","page","type-page","status-publish","has-post-thumbnail","hentry"],"yoast_head":"<!-- This site is optimized with the Yoast SEO plugin v25.6 - https:\/\/yoast.com\/wordpress\/plugins\/seo\/ -->\n<title>The Duke Gallery - The Duke Shops<\/title>\n<meta name=\"robots\" content=\"index, follow, max-snippet:-1, max-image-preview:large, max-video-preview:-1\" \/>\n<link rel=\"canonical\" href=\"https:\/\/thedukeshops.com\/es\/the-duke-gallery\/\" \/>\n<meta property=\"og:locale\" content=\"es_ES\" \/>\n<meta property=\"og:type\" content=\"article\" \/>\n<meta property=\"og:title\" content=\"The Duke Gallery - The Duke Shops\" \/>\n<meta property=\"og:description\" content=\"La Galer\u00eda DukeDuke Si quieres hacer uso de nuestro espacio en The Duke Gallery para tu exposici\u00f3n, acto, taller o presentaci\u00f3n, no dudes en ponerte en contacto con nosotros utilizando el siguiente formulario. [contact-form-7 id=\u00bb9690bee\u00bb title=\u00bbFormulario de contacto\u00bb]\" \/>\n<meta property=\"og:url\" content=\"https:\/\/thedukeshops.com\/es\/the-duke-gallery\/\" \/>\n<meta property=\"og:site_name\" content=\"The Duke Shops\" \/>\n<meta property=\"article:modified_time\" content=\"2025-03-12T11:18:08+00:00\" \/>\n<meta property=\"og:image\" content=\"https:\/\/thedukeshops.com\/wp-content\/uploads\/2025\/03\/DSCF7157-scaled.jpg\" \/>\n\t<meta property=\"og:image:width\" content=\"2560\" \/>\n\t<meta property=\"og:image:height\" content=\"1444\" \/>\n\t<meta property=\"og:image:type\" content=\"image\/jpeg\" \/>\n<meta name=\"twitter:card\" content=\"summary_large_image\" \/>\n<script type=\"application\/ld+json\" class=\"yoast-schema-graph\">{\"@context\":\"https:\/\/schema.org\",\"@graph\":[{\"@type\":\"WebPage\",\"@id\":\"https:\/\/thedukeshops.com\/es\/the-duke-gallery\/\",\"url\":\"https:\/\/thedukeshops.com\/es\/the-duke-gallery\/\",\"name\":\"The Duke Gallery - The Duke Shops\",\"isPartOf\":{\"@id\":\"https:\/\/thedukeshops.com\/es\/#website\"},\"primaryImageOfPage\":{\"@id\":\"https:\/\/thedukeshops.com\/es\/the-duke-gallery\/#primaryimage\"},\"image\":{\"@id\":\"https:\/\/thedukeshops.com\/es\/the-duke-gallery\/#primaryimage\"},\"thumbnailUrl\":\"https:\/\/thedukeshops.com\/wp-content\/uploads\/2025\/03\/DSCF7157-scaled.jpg\",\"datePublished\":\"2025-03-09T23:57:22+00:00\",\"dateModified\":\"2025-03-12T11:18:08+00:00\",\"breadcrumb\":{\"@id\":\"https:\/\/thedukeshops.com\/es\/the-duke-gallery\/#breadcrumb\"},\"inLanguage\":\"es\",\"potentialAction\":[{\"@type\":\"ReadAction\",\"target\":[\"https:\/\/thedukeshops.com\/es\/the-duke-gallery\/\"]}]},{\"@type\":\"ImageObject\",\"inLanguage\":\"es\",\"@id\":\"https:\/\/thedukeshops.com\/es\/the-duke-gallery\/#primaryimage\",\"url\":\"https:\/\/thedukeshops.com\/wp-content\/uploads\/2025\/03\/DSCF7157-scaled.jpg\",\"contentUrl\":\"https:\/\/thedukeshops.com\/wp-content\/uploads\/2025\/03\/DSCF7157-scaled.jpg\",\"width\":2560,\"height\":1444},{\"@type\":\"BreadcrumbList\",\"@id\":\"https:\/\/thedukeshops.com\/es\/the-duke-gallery\/#breadcrumb\",\"itemListElement\":[{\"@type\":\"ListItem\",\"position\":1,\"name\":\"Home\",\"item\":\"https:\/\/thedukeshops.com\/es\/\"},{\"@type\":\"ListItem\",\"position\":2,\"name\":\"The Duke Gallery\"}]},{\"@type\":\"WebSite\",\"@id\":\"https:\/\/thedukeshops.com\/es\/#website\",\"url\":\"https:\/\/thedukeshops.com\/es\/\",\"name\":\"The Duke Shops\",\"description\":\"\",\"publisher\":{\"@id\":\"https:\/\/thedukeshops.com\/es\/#organization\"},\"potentialAction\":[{\"@type\":\"SearchAction\",\"target\":{\"@type\":\"EntryPoint\",\"urlTemplate\":\"https:\/\/thedukeshops.com\/es\/?s={search_term_string}\"},\"query-input\":{\"@type\":\"PropertyValueSpecification\",\"valueRequired\":true,\"valueName\":\"search_term_string\"}}],\"inLanguage\":\"es\"},{\"@type\":\"Organization\",\"@id\":\"https:\/\/thedukeshops.com\/es\/#organization\",\"name\":\"The Duke Shops\",\"url\":\"https:\/\/thedukeshops.com\/es\/\",\"logo\":{\"@type\":\"ImageObject\",\"inLanguage\":\"es\",\"@id\":\"https:\/\/thedukeshops.com\/es\/#\/schema\/logo\/image\/\",\"url\":\"https:\/\/thedukeshops.com\/wp-content\/uploads\/2025\/03\/the-duke-shops_white-h-1.png\",\"contentUrl\":\"https:\/\/thedukeshops.com\/wp-content\/uploads\/2025\/03\/the-duke-shops_white-h-1.png\",\"width\":1408,\"height\":200,\"caption\":\"The Duke Shops\"},\"image\":{\"@id\":\"https:\/\/thedukeshops.com\/es\/#\/schema\/logo\/image\/\"}}]}<\/script>\n<!-- \/ Yoast SEO plugin. -->","yoast_head_json":{"title":"The Duke Gallery - The Duke Shops","robots":{"index":"index","follow":"follow","max-snippet":"max-snippet:-1","max-image-preview":"max-image-preview:large","max-video-preview":"max-video-preview:-1"},"canonical":"https:\/\/thedukeshops.com\/es\/the-duke-gallery\/","og_locale":"es_ES","og_type":"article","og_title":"The Duke Gallery - The Duke Shops","og_description":"La Galer\u00eda DukeDuke Si quieres hacer uso de nuestro espacio en The Duke Gallery para tu exposici\u00f3n, acto, taller o presentaci\u00f3n, no dudes en ponerte en contacto con nosotros utilizando el siguiente formulario. [contact-form-7 id=\u00bb9690bee\u00bb title=\u00bbFormulario de contacto\u00bb]","og_url":"https:\/\/thedukeshops.com\/es\/the-duke-gallery\/","og_site_name":"The Duke Shops","article_modified_time":"2025-03-12T11:18:08+00:00","og_image":[{"width":2560,"height":1444,"url":"https:\/\/thedukeshops.com\/wp-content\/uploads\/2025\/03\/DSCF7157-scaled.jpg","type":"image\/jpeg"}],"twitter_card":"summary_large_image","schema":{"@context":"https:\/\/schema.org","@graph":[{"@type":"WebPage","@id":"https:\/\/thedukeshops.com\/es\/the-duke-gallery\/","url":"https:\/\/thedukeshops.com\/es\/the-duke-gallery\/","name":"The Duke Gallery - The Duke Shops","isPartOf":{"@id":"https:\/\/thedukeshops.com\/es\/#website"},"primaryImageOfPage":{"@id":"https:\/\/thedukeshops.com\/es\/the-duke-gallery\/#primaryimage"},"image":{"@id":"https:\/\/thedukeshops.com\/es\/the-duke-gallery\/#primaryimage"},"thumbnailUrl":"https:\/\/thedukeshops.com\/wp-content\/uploads\/2025\/03\/DSCF7157-scaled.jpg","datePublished":"2025-03-09T23:57:22+00:00","dateModified":"2025-03-12T11:18:08+00:00","breadcrumb":{"@id":"https:\/\/thedukeshops.com\/es\/the-duke-gallery\/#breadcrumb"},"inLanguage":"es","potentialAction":[{"@type":"ReadAction","target":["https:\/\/thedukeshops.com\/es\/the-duke-gallery\/"]}]},{"@type":"ImageObject","inLanguage":"es","@id":"https:\/\/thedukeshops.com\/es\/the-duke-gallery\/#primaryimage","url":"https:\/\/thedukeshops.com\/wp-content\/uploads\/2025\/03\/DSCF7157-scaled.jpg","contentUrl":"https:\/\/thedukeshops.com\/wp-content\/uploads\/2025\/03\/DSCF7157-scaled.jpg","width":2560,"height":1444},{"@type":"BreadcrumbList","@id":"https:\/\/thedukeshops.com\/es\/the-duke-gallery\/#breadcrumb","itemListElement":[{"@type":"ListItem","position":1,"name":"Home","item":"https:\/\/thedukeshops.com\/es\/"},{"@type":"ListItem","position":2,"name":"The Duke Gallery"}]},{"@type":"WebSite","@id":"https:\/\/thedukeshops.com\/es\/#website","url":"https:\/\/thedukeshops.com\/es\/","name":"The Duke Shops","description":"","publisher":{"@id":"https:\/\/thedukeshops.com\/es\/#organization"},"potentialAction":[{"@type":"SearchAction","target":{"@type":"EntryPoint","urlTemplate":"https:\/\/thedukeshops.com\/es\/?s={search_term_string}"},"query-input":{"@type":"PropertyValueSpecification","valueRequired":true,"valueName":"search_term_string"}}],"inLanguage":"es"},{"@type":"Organization","@id":"https:\/\/thedukeshops.com\/es\/#organization","name":"The Duke Shops","url":"https:\/\/thedukeshops.com\/es\/","logo":{"@type":"ImageObject","inLanguage":"es","@id":"https:\/\/thedukeshops.com\/es\/#\/schema\/logo\/image\/","url":"https:\/\/thedukeshops.com\/wp-content\/uploads\/2025\/03\/the-duke-shops_white-h-1.png","contentUrl":"https:\/\/thedukeshops.com\/wp-content\/uploads\/2025\/03\/the-duke-shops_white-h-1.png","width":1408,"height":200,"caption":"The Duke Shops"},"image":{"@id":"https:\/\/thedukeshops.com\/es\/#\/schema\/logo\/image\/"}}]}},"_links":{"self":[{"href":"https:\/\/thedukeshops.com\/es\/wp-json\/wp\/v2\/pages\/8862","targetHints":{"allow":["GET"]}}],"collection":[{"href":"https:\/\/thedukeshops.com\/es\/wp-json\/wp\/v2\/pages"}],"about":[{"href":"https:\/\/thedukeshops.com\/es\/wp-json\/wp\/v2\/types\/page"}],"author":[{"embeddable":true,"href":"https:\/\/thedukeshops.com\/es\/wp-json\/wp\/v2\/users\/1"}],"replies":[{"embeddable":true,"href":"https:\/\/thedukeshops.com\/es\/wp-json\/wp\/v2\/comments?post=8862"}],"version-history":[{"count":2,"href":"https:\/\/thedukeshops.com\/es\/wp-json\/wp\/v2\/pages\/8862\/revisions"}],"predecessor-version":[{"id":9691,"href":"https:\/\/thedukeshops.com\/es\/wp-json\/wp\/v2\/pages\/8862\/revisions\/9691"}],"wp:featuredmedia":[{"embeddable":true,"href":"https:\/\/thedukeshops.com\/es\/wp-json\/wp\/v2\/media\/8850"}],"wp:attachment":[{"href":"https:\/\/thedukeshops.com\/es\/wp-json\/wp\/v2\/media?parent=8862"}],"curies":[{"name":"wp","href":"https:\/\/api.w.org\/{rel}","templated":true}]}}