{"id":8829,"date":"2025-03-09T23:41:35","date_gmt":"2025-03-09T22:41:35","guid":{"rendered":"https:\/\/thedukeshops.com\/index.php\/admite-mascotas\/"},"modified":"2025-03-10T00:45:05","modified_gmt":"2025-03-09T23:45:05","slug":"admite-mascotas","status":"publish","type":"page","link":"https:\/\/thedukeshops.com\/es\/admite-mascotas\/","title":{"rendered":"Pet Friendly"},"content":{"rendered":"\t\t<div data-elementor-type=\"wp-page\" data-elementor-id=\"8829\" class=\"elementor elementor-8829 elementor-8619\" data-elementor-post-type=\"page\">\n\t\t\t\t<div class=\"elementor-element elementor-element-03de046 e-flex e-con-boxed qodef-elementor-content-no e-con e-parent\" data-id=\"03de046\" data-element_type=\"container\" data-e-type=\"container\">\n\t\t\t\t\t<div class=\"e-con-inner\">\n\t\t\t\t<div class=\"elementor-element elementor-element-0f340b1 elementor-widget elementor-widget-eldon_core_custom_font\" data-id=\"0f340b1\" data-element_type=\"widget\" data-e-type=\"widget\" data-widget_type=\"eldon_core_custom_font.default\">\n\t\t\t\t<div class=\"elementor-widget-container\">\n\t\t\t\t\t<div class=\"qodef-shortcode qodef-m  qodef-custom-font qodef-custom-font-193 qodef-layout--simple qodef-alignment--left qodef--has-appear\" >\n\t\t<h1 class=\"qodef-custom-font-content\" ><span class=\"qodef-m-emphasized-holder\"><span class=\"qodef-m-title--emphasized\">Pet<\/span><\/span> <span class=\"qodef-animated-text-holder\"><span class=\"qodef-animated-text-original\">Friendly<\/span><span class=\"qodef-animated-text-duplicate\">Friendly<\/span><\/span><\/h1>\n<\/div>\t\t\t\t<\/div>\n\t\t\t\t<\/div>\n\t\t\t\t\t<\/div>\n\t\t\t\t<\/div>\n\t\t<div class=\"elementor-element elementor-element-d5642fb e-flex e-con-boxed qodef-elementor-content-no e-con e-parent\" data-id=\"d5642fb\" data-element_type=\"container\" data-e-type=\"container\">\n\t\t\t\t\t<div class=\"e-con-inner\">\n\t\t<div class=\"elementor-element elementor-element-4b4aa71 e-con-full e-flex qodef-elementor-content-no e-con e-child\" data-id=\"4b4aa71\" data-element_type=\"container\" data-e-type=\"container\">\n\t\t\t\t<div class=\"elementor-element elementor-element-9fdea12 elementor-widget elementor-widget-text-editor\" data-id=\"9fdea12\" data-element_type=\"widget\" data-e-type=\"widget\" data-widget_type=\"text-editor.default\">\n\t\t\t\t<div class=\"elementor-widget-container\">\n\t\t\t\t\t\t\t\t\t<h2 data-start=\"52\" data-end=\"92\"><span style=\"color: #6bbbae;\"><strong data-start=\"54\" data-end=\"85\">Normas para llevar a tus mascotas<\/strong><\/span><\/h2><p data-start=\"94\" data-end=\"211\">\u00a1Nos encanta teneros aqu\u00ed a ti y a tu mascota! Para que todos disfruten de la visita, sigue estas sencillas pautas:<\/p><p data-start=\"213\" data-end=\"389\">\ud83d\udc15 <strong data-start=\"216\" data-end=\"234\">Buen comportamiento:<\/strong> Si tu amigo peludo ladra mucho a los extra\u00f1os o a\u00fan est\u00e1 aprendiendo a comportarse, es mejor que lo dejes en casa para evitar situaciones inc\u00f3modas.<\/p><p data-start=\"391\" data-end=\"496\">\ud83d\udd17 <strong data-start=\"394\" data-end=\"416\">Siempre con correa:<\/strong> Tu mascota debe permanecer contigo en todo momento y no puede subirse a los muebles.<\/p><p data-start=\"498\" data-end=\"707\">\ud83d\udca9 <strong data-start=\"501\" data-end=\"525\">Limpia lo que ensucien:<\/strong> Si necesitan ir al ba\u00f1o, recoge lo que hayan ensuciado. Encontrar\u00e1s dispensadores de bolsas de basura en varias zonas e incluso un <strong data-start=\"642\" data-end=\"655\">\u00abPipican\u00bb<\/strong> con fuentes de agua y un arenero en <strong data-start=\"694\" data-end=\"704\">la puerta F<\/strong>.<\/p><p data-start=\"709\" data-end=\"867\">\ud83d\udeab <strong data-start=\"712\" data-end=\"730\">Nada de escaleras mec\u00e1nicas:<\/strong> Pueden ser peligrosas para las mascotas. En su lugar, utiliza los ascensores (pregunta primero a otros pasajeros si les parece bien) o las escaleras exteriores.<\/p><p data-start=\"869\" data-end=\"1013\">\ud83d\udc15\u200d\ud83e\uddba <strong data-start=\"875\" data-end=\"888\">Perros PPP:<\/strong> Si tu mascota est\u00e1 clasificada como raza potencialmente peligrosa, debe llevar bozal y cumplir todas las normas legales.<\/p><p data-start=\"1015\" data-end=\"1118\">\ud83d\udcdc <strong data-start=\"1018\" data-end=\"1040\">Respeta las normas:<\/strong> Respeta siempre las leyes locales y disfruta de la visita con tu amigo de cuatro patas.<\/p><p data-start=\"1120\" data-end=\"1157\" data-is-last-node=\"\" data-is-only-node=\"\"><strong data-start=\"1120\" data-end=\"1152\">Gracias por tu colaboraci\u00f3n.<\/strong>  \ud83d\udc3e\ud83d\udc99<\/p>\t\t\t\t\t\t\t\t<\/div>\n\t\t\t\t<\/div>\n\t\t\t\t<\/div>\n\t\t<div class=\"elementor-element elementor-element-fa95e6c e-con-full e-flex qodef-elementor-content-no e-con e-child\" data-id=\"fa95e6c\" data-element_type=\"container\" data-e-type=\"container\">\n\t\t\t\t<div class=\"elementor-element elementor-element-2297ba9 elementor-widget elementor-widget-image\" data-id=\"2297ba9\" data-element_type=\"widget\" data-e-type=\"widget\" data-widget_type=\"image.default\">\n\t\t\t\t<div class=\"elementor-widget-container\">\n\t\t\t\t\t\t\t\t\t\t\t\t\t\t\t<img fetchpriority=\"high\" decoding=\"async\" width=\"1024\" height=\"1024\" src=\"https:\/\/thedukeshops.com\/wp-content\/uploads\/2025\/03\/The-Duke-Shops-Web-2.0-1-1024x1024.png\" class=\"attachment-large size-large wp-image-8626\" alt=\"\" srcset=\"https:\/\/thedukeshops.com\/wp-content\/uploads\/2025\/03\/The-Duke-Shops-Web-2.0-1-1024x1024.png 1024w, https:\/\/thedukeshops.com\/wp-content\/uploads\/2025\/03\/The-Duke-Shops-Web-2.0-1-300x300.png 300w, https:\/\/thedukeshops.com\/wp-content\/uploads\/2025\/03\/The-Duke-Shops-Web-2.0-1-150x150.png 150w, https:\/\/thedukeshops.com\/wp-content\/uploads\/2025\/03\/The-Duke-Shops-Web-2.0-1-768x768.png 768w, https:\/\/thedukeshops.com\/wp-content\/uploads\/2025\/03\/The-Duke-Shops-Web-2.0-1-650x650.png 650w, https:\/\/thedukeshops.com\/wp-content\/uploads\/2025\/03\/The-Duke-Shops-Web-2.0-1.png 1240w\" sizes=\"(max-width: 1024px) 100vw, 1024px\" \/>\t\t\t\t\t\t\t\t\t\t\t\t\t\t\t<\/div>\n\t\t\t\t<\/div>\n\t\t\t\t<\/div>\n\t\t\t\t\t<\/div>\n\t\t\t\t<\/div>\n\t\t\t\t<\/div>\n\t\t","protected":false},"excerpt":{"rendered":"<p>Pet FriendlyFriendly Normas para llevar a tus mascotas \u00a1Nos encanta teneros aqu\u00ed a ti y a tu mascota! Para que todos disfruten de la visita, sigue estas sencillas pautas: \ud83d\udc15 Buen comportamiento: Si tu amigo peludo ladra mucho a los extra\u00f1os o a\u00fan est\u00e1 aprendiendo a comportarse, es mejor que lo dejes en casa para [&hellip;]<\/p>\n","protected":false},"author":1,"featured_media":0,"parent":0,"menu_order":0,"comment_status":"closed","ping_status":"closed","template":"","meta":{"footnotes":""},"class_list":["post-8829","page","type-page","status-publish","hentry"],"yoast_head":"<!-- This site is optimized with the Yoast SEO plugin v25.6 - https:\/\/yoast.com\/wordpress\/plugins\/seo\/ -->\n<title>Pet Friendly - The Duke Shops<\/title>\n<meta name=\"robots\" content=\"index, follow, max-snippet:-1, max-image-preview:large, max-video-preview:-1\" \/>\n<link rel=\"canonical\" href=\"https:\/\/thedukeshops.com\/es\/admite-mascotas\/\" \/>\n<meta property=\"og:locale\" content=\"es_ES\" \/>\n<meta property=\"og:type\" content=\"article\" \/>\n<meta property=\"og:title\" content=\"Pet Friendly - The Duke Shops\" \/>\n<meta property=\"og:description\" content=\"Pet FriendlyFriendly Normas para llevar a tus mascotas \u00a1Nos encanta teneros aqu\u00ed a ti y a tu mascota! Para que todos disfruten de la visita, sigue estas sencillas pautas: \ud83d\udc15 Buen comportamiento: Si tu amigo peludo ladra mucho a los extra\u00f1os o a\u00fan est\u00e1 aprendiendo a comportarse, es mejor que lo dejes en casa para [&hellip;]\" \/>\n<meta property=\"og:url\" content=\"https:\/\/thedukeshops.com\/es\/admite-mascotas\/\" \/>\n<meta property=\"og:site_name\" content=\"The Duke Shops\" \/>\n<meta property=\"article:modified_time\" content=\"2025-03-09T23:45:05+00:00\" \/>\n<meta property=\"og:image\" content=\"https:\/\/thedukeshops.com\/wp-content\/uploads\/2025\/03\/The-Duke-Shops-Web-2.0-1.png\" \/>\n\t<meta property=\"og:image:width\" content=\"1240\" \/>\n\t<meta property=\"og:image:height\" content=\"1240\" \/>\n\t<meta property=\"og:image:type\" content=\"image\/png\" \/>\n<meta name=\"twitter:card\" content=\"summary_large_image\" \/>\n<meta name=\"twitter:label1\" content=\"Tiempo de lectura\" \/>\n\t<meta name=\"twitter:data1\" content=\"1 minuto\" \/>\n<script type=\"application\/ld+json\" class=\"yoast-schema-graph\">{\"@context\":\"https:\/\/schema.org\",\"@graph\":[{\"@type\":\"WebPage\",\"@id\":\"https:\/\/thedukeshops.com\/es\/admite-mascotas\/\",\"url\":\"https:\/\/thedukeshops.com\/es\/admite-mascotas\/\",\"name\":\"Pet Friendly - The Duke Shops\",\"isPartOf\":{\"@id\":\"https:\/\/thedukeshops.com\/es\/#website\"},\"primaryImageOfPage\":{\"@id\":\"https:\/\/thedukeshops.com\/es\/admite-mascotas\/#primaryimage\"},\"image\":{\"@id\":\"https:\/\/thedukeshops.com\/es\/admite-mascotas\/#primaryimage\"},\"thumbnailUrl\":\"https:\/\/thedukeshops.com\/wp-content\/uploads\/2025\/03\/The-Duke-Shops-Web-2.0-1-1024x1024.png\",\"datePublished\":\"2025-03-09T22:41:35+00:00\",\"dateModified\":\"2025-03-09T23:45:05+00:00\",\"breadcrumb\":{\"@id\":\"https:\/\/thedukeshops.com\/es\/admite-mascotas\/#breadcrumb\"},\"inLanguage\":\"es\",\"potentialAction\":[{\"@type\":\"ReadAction\",\"target\":[\"https:\/\/thedukeshops.com\/es\/admite-mascotas\/\"]}]},{\"@type\":\"ImageObject\",\"inLanguage\":\"es\",\"@id\":\"https:\/\/thedukeshops.com\/es\/admite-mascotas\/#primaryimage\",\"url\":\"https:\/\/thedukeshops.com\/wp-content\/uploads\/2025\/03\/The-Duke-Shops-Web-2.0-1-1024x1024.png\",\"contentUrl\":\"https:\/\/thedukeshops.com\/wp-content\/uploads\/2025\/03\/The-Duke-Shops-Web-2.0-1-1024x1024.png\"},{\"@type\":\"BreadcrumbList\",\"@id\":\"https:\/\/thedukeshops.com\/es\/admite-mascotas\/#breadcrumb\",\"itemListElement\":[{\"@type\":\"ListItem\",\"position\":1,\"name\":\"Home\",\"item\":\"https:\/\/thedukeshops.com\/es\/\"},{\"@type\":\"ListItem\",\"position\":2,\"name\":\"Pet Friendly\"}]},{\"@type\":\"WebSite\",\"@id\":\"https:\/\/thedukeshops.com\/es\/#website\",\"url\":\"https:\/\/thedukeshops.com\/es\/\",\"name\":\"The Duke Shops\",\"description\":\"\",\"publisher\":{\"@id\":\"https:\/\/thedukeshops.com\/es\/#organization\"},\"potentialAction\":[{\"@type\":\"SearchAction\",\"target\":{\"@type\":\"EntryPoint\",\"urlTemplate\":\"https:\/\/thedukeshops.com\/es\/?s={search_term_string}\"},\"query-input\":{\"@type\":\"PropertyValueSpecification\",\"valueRequired\":true,\"valueName\":\"search_term_string\"}}],\"inLanguage\":\"es\"},{\"@type\":\"Organization\",\"@id\":\"https:\/\/thedukeshops.com\/es\/#organization\",\"name\":\"The Duke Shops\",\"url\":\"https:\/\/thedukeshops.com\/es\/\",\"logo\":{\"@type\":\"ImageObject\",\"inLanguage\":\"es\",\"@id\":\"https:\/\/thedukeshops.com\/es\/#\/schema\/logo\/image\/\",\"url\":\"https:\/\/thedukeshops.com\/wp-content\/uploads\/2025\/03\/the-duke-shops_white-h-1.png\",\"contentUrl\":\"https:\/\/thedukeshops.com\/wp-content\/uploads\/2025\/03\/the-duke-shops_white-h-1.png\",\"width\":1408,\"height\":200,\"caption\":\"The Duke Shops\"},\"image\":{\"@id\":\"https:\/\/thedukeshops.com\/es\/#\/schema\/logo\/image\/\"}}]}<\/script>\n<!-- \/ Yoast SEO plugin. -->","yoast_head_json":{"title":"Pet Friendly - The Duke Shops","robots":{"index":"index","follow":"follow","max-snippet":"max-snippet:-1","max-image-preview":"max-image-preview:large","max-video-preview":"max-video-preview:-1"},"canonical":"https:\/\/thedukeshops.com\/es\/admite-mascotas\/","og_locale":"es_ES","og_type":"article","og_title":"Pet Friendly - The Duke Shops","og_description":"Pet FriendlyFriendly Normas para llevar a tus mascotas \u00a1Nos encanta teneros aqu\u00ed a ti y a tu mascota! Para que todos disfruten de la visita, sigue estas sencillas pautas: \ud83d\udc15 Buen comportamiento: Si tu amigo peludo ladra mucho a los extra\u00f1os o a\u00fan est\u00e1 aprendiendo a comportarse, es mejor que lo dejes en casa para [&hellip;]","og_url":"https:\/\/thedukeshops.com\/es\/admite-mascotas\/","og_site_name":"The Duke Shops","article_modified_time":"2025-03-09T23:45:05+00:00","og_image":[{"width":1240,"height":1240,"url":"https:\/\/thedukeshops.com\/wp-content\/uploads\/2025\/03\/The-Duke-Shops-Web-2.0-1.png","type":"image\/png"}],"twitter_card":"summary_large_image","twitter_misc":{"Tiempo de lectura":"1 minuto"},"schema":{"@context":"https:\/\/schema.org","@graph":[{"@type":"WebPage","@id":"https:\/\/thedukeshops.com\/es\/admite-mascotas\/","url":"https:\/\/thedukeshops.com\/es\/admite-mascotas\/","name":"Pet Friendly - The Duke Shops","isPartOf":{"@id":"https:\/\/thedukeshops.com\/es\/#website"},"primaryImageOfPage":{"@id":"https:\/\/thedukeshops.com\/es\/admite-mascotas\/#primaryimage"},"image":{"@id":"https:\/\/thedukeshops.com\/es\/admite-mascotas\/#primaryimage"},"thumbnailUrl":"https:\/\/thedukeshops.com\/wp-content\/uploads\/2025\/03\/The-Duke-Shops-Web-2.0-1-1024x1024.png","datePublished":"2025-03-09T22:41:35+00:00","dateModified":"2025-03-09T23:45:05+00:00","breadcrumb":{"@id":"https:\/\/thedukeshops.com\/es\/admite-mascotas\/#breadcrumb"},"inLanguage":"es","potentialAction":[{"@type":"ReadAction","target":["https:\/\/thedukeshops.com\/es\/admite-mascotas\/"]}]},{"@type":"ImageObject","inLanguage":"es","@id":"https:\/\/thedukeshops.com\/es\/admite-mascotas\/#primaryimage","url":"https:\/\/thedukeshops.com\/wp-content\/uploads\/2025\/03\/The-Duke-Shops-Web-2.0-1-1024x1024.png","contentUrl":"https:\/\/thedukeshops.com\/wp-content\/uploads\/2025\/03\/The-Duke-Shops-Web-2.0-1-1024x1024.png"},{"@type":"BreadcrumbList","@id":"https:\/\/thedukeshops.com\/es\/admite-mascotas\/#breadcrumb","itemListElement":[{"@type":"ListItem","position":1,"name":"Home","item":"https:\/\/thedukeshops.com\/es\/"},{"@type":"ListItem","position":2,"name":"Pet Friendly"}]},{"@type":"WebSite","@id":"https:\/\/thedukeshops.com\/es\/#website","url":"https:\/\/thedukeshops.com\/es\/","name":"The Duke Shops","description":"","publisher":{"@id":"https:\/\/thedukeshops.com\/es\/#organization"},"potentialAction":[{"@type":"SearchAction","target":{"@type":"EntryPoint","urlTemplate":"https:\/\/thedukeshops.com\/es\/?s={search_term_string}"},"query-input":{"@type":"PropertyValueSpecification","valueRequired":true,"valueName":"search_term_string"}}],"inLanguage":"es"},{"@type":"Organization","@id":"https:\/\/thedukeshops.com\/es\/#organization","name":"The Duke Shops","url":"https:\/\/thedukeshops.com\/es\/","logo":{"@type":"ImageObject","inLanguage":"es","@id":"https:\/\/thedukeshops.com\/es\/#\/schema\/logo\/image\/","url":"https:\/\/thedukeshops.com\/wp-content\/uploads\/2025\/03\/the-duke-shops_white-h-1.png","contentUrl":"https:\/\/thedukeshops.com\/wp-content\/uploads\/2025\/03\/the-duke-shops_white-h-1.png","width":1408,"height":200,"caption":"The Duke Shops"},"image":{"@id":"https:\/\/thedukeshops.com\/es\/#\/schema\/logo\/image\/"}}]}},"_links":{"self":[{"href":"https:\/\/thedukeshops.com\/es\/wp-json\/wp\/v2\/pages\/8829","targetHints":{"allow":["GET"]}}],"collection":[{"href":"https:\/\/thedukeshops.com\/es\/wp-json\/wp\/v2\/pages"}],"about":[{"href":"https:\/\/thedukeshops.com\/es\/wp-json\/wp\/v2\/types\/page"}],"author":[{"embeddable":true,"href":"https:\/\/thedukeshops.com\/es\/wp-json\/wp\/v2\/users\/1"}],"replies":[{"embeddable":true,"href":"https:\/\/thedukeshops.com\/es\/wp-json\/wp\/v2\/comments?post=8829"}],"version-history":[{"count":3,"href":"https:\/\/thedukeshops.com\/es\/wp-json\/wp\/v2\/pages\/8829\/revisions"}],"predecessor-version":[{"id":8834,"href":"https:\/\/thedukeshops.com\/es\/wp-json\/wp\/v2\/pages\/8829\/revisions\/8834"}],"wp:attachment":[{"href":"https:\/\/thedukeshops.com\/es\/wp-json\/wp\/v2\/media?parent=8829"}],"curies":[{"name":"wp","href":"https:\/\/api.w.org\/{rel}","templated":true}]}}