{"id":8805,"date":"2025-03-10T00:00:42","date_gmt":"2025-03-09T23:00:42","guid":{"rendered":"https:\/\/thedukeshops.com\/?page_id=8805"},"modified":"2025-03-10T00:36:47","modified_gmt":"2025-03-09T23:36:47","slug":"politica-de-cookies","status":"publish","type":"page","link":"https:\/\/thedukeshops.com\/es\/politica-de-cookies\/","title":{"rendered":"Pol\u00edtica de cookies"},"content":{"rendered":"<div>\n<h1>Pol\u00edtica de Cookies<\/h1>\n<p><strong>COMUNIDAD DE EXPLOTACI\u00d3N THE DUKE UNO<\/strong> comunica a los usuarios, a trav\u00e9s de este aviso, que puede utilizar cookies cuando el usuario navega por las diferentes pantallas y p\u00e1ginas del sitio.<\/p>\n<p>A trav\u00e9s del fald\u00f3n de la pantalla principal de nuestro sitio web puede aceptar o rechazar el uso de cookies, de acuerdo con nuestra Pol\u00edtica de Privacidad. En caso de no aceptar cookies, solo se instalar\u00e1n las m\u00ednimas necesarias para el funcionamiento de la web.<\/p>\n<h3>\u00bfQu\u00e9 son las cookies?<\/h3>\n<p>Una cookie es un archivo de texto muy peque\u00f1o que un servidor Web puede guardar en el navegador de un equipo para almacenar alg\u00fan tipo de informaci\u00f3n sobre el usuario. La cookie identifica el equipo de forma \u00fanica, y s\u00f3lo puede ser le\u00edda por el sitio Web que lo envi\u00f3 al equipo.<\/p>\n<p>Una cookie no es un archivo ejecutable ni un programa y por lo tanto no puede propagar o contener un virus u otro software malicioso, ni puede tener una longitud superior a 4.000 caracteres.<\/p>\n<h3>\u00bfPara qu\u00e9 sirven las cookies?<\/h3>\n<p>La utilizaci\u00f3n de las cookies tiene como finalidad recordar las preferencias del usuario (idioma, pa\u00eds, inicio de sesi\u00f3n, caracter\u00edsticas de su navegador, informaci\u00f3n de uso de nuestra Web, etc.).<\/p>\n<p>Recordando sus preferencias no tendremos que, por ejemplo, preguntarle por su pa\u00eds cada vez que visite nuestra Web. Sabremos las caracter\u00edsticas del Sistema Operativo y el navegador del dispositivo que se est\u00e1 usando y as\u00ed podremos ofrecerle una mejor experiencia de navegaci\u00f3n.<\/p>\n<p>Las cookies pueden ayudar a nuestro sitio Web a distinguir el navegador del usuario como visitante anterior y as\u00ed guardar y recordar las preferencias que puedan haberse establecido mientras el usuario estaba navegando por el sitio, personalizar las p\u00e1ginas de inicio, identificar qu\u00e9 sectores de un sitio han sido visitados o mantener un registro de selecciones en un \u00abcarro de compra\u00bb, entre otros.<\/p>\n<\/div>\n<div>\n<p><strong>COMUNIDAD DE EXPLOTACI\u00d3N THE DUKE UNO<\/strong> puede utilizar las cookies con el objeto de reconocer a los usuarios que hayan accedido a nuestro sitio web y poder ofrecerles un mejor servicio y m\u00e1s personalizado. Asimismo, pueden ser utilizadas para obtener informaci\u00f3n acerca de la fecha y hora de la \u00faltima visita del usuario, medir algunos par\u00e1metros de tr\u00e1fico dentro del propio sitio y estimar el n\u00famero de visitas realizadas, de manera que <strong>COMUNIDAD DE EXPLOTACI\u00d3N THE DUKE UNO<\/strong> pueda enfocar y ajustar los servicios y promociones de forma m\u00e1s efectiva.<\/p>\n<p>Normalmente, los sitios web utilizan las cookies para obtener informaci\u00f3n estad\u00edstica sobre sus p\u00e1ginas web. Tenga en cuenta que recogemos datos sobre sus movimientos y uso de nuestra web como datos estad\u00edsticos, no personales.<\/p>\n<h3><span style=\"font-family: inherit;\">Tipos de cookies<\/span><\/h3>\n<\/div>\n<p>Las cookies se pueden clasificar en funci\u00f3n a la entidad que las gestione, el tiempo que \u00e9stas permanecen activas o seg\u00fan su finalidad. En algunas ocasiones podremos comprobar que una misma cookie puede estar incluida dentro de m\u00e1s de una categor\u00eda.<\/p>\n<h4>En funci\u00f3n a su propiedad<\/h4>\n<ul>\n<li><strong>Cookies propias:<\/strong> Son aquellas que se env\u00edan al equipo del usuario desde un equipo o dominio gestionado por <strong>COMUNIDAD DE EXPLOTACI\u00d3N THE DUKE UNO<\/strong>.<\/li>\n<li><strong>Cookies de terceros:<\/strong> Son aqu\u00e9llas que se env\u00edan al equipo terminal del usuario desde un equipo o dominio que no es gestionado por el editor, sino por otra entidad que trata los datos obtenidos a trav\u00e9s de las cookies.<\/li>\n<\/ul>\n<div>\n<h4>En funci\u00f3n a su tiempo de vida<\/h4>\n<ul>\n<li><strong>Cookies de sesi\u00f3n:<\/strong> Son aquellas que recaban datos mientras el usuario est\u00e1 navegando por la p\u00e1gina web.<\/li>\n<li><strong>Cookies persistentes:<\/strong> Son aquellas en las que los datos siguen almacenados en el terminal y pueden ser accedidos y tratados durante un periodo definido por el responsable de la cookie, y que puede ir de unos minutos a varios a\u00f1os.<\/li>\n<\/ul>\n<\/div>\n<div>\n<h4>En funci\u00f3n a su finalidad<\/h4>\n<ul>\n<li><strong>Cookies t\u00e9cnicas:<\/strong> Son aquellas que se usan de forma interna y que son necesarias para el funcionamiento de la web.<\/li>\n<li><strong>Cookies anal\u00edticas:<\/strong> Son aquellas que permiten recabar informaci\u00f3n estad\u00edstica sobre la actividad de los usuarios. Dicha informaci\u00f3n se recopila de forma an\u00f3nima y permite optimizar la navegaci\u00f3n por nuestra web con el fin de garantizar un mejor servicio al usuario.<\/li>\n<li><strong>Cookies de personalizaci\u00f3n:<\/strong> Son aquellas que permiten al usuario acceder al servicio con algunas caracter\u00edsticas de car\u00e1cter general predefinidas en funci\u00f3n de una serie de criterios en el terminal del usuario como por ejemplo ser\u00edan el idioma, el tipo de navegador a trav\u00e9s del cual accede al servicio, la configuraci\u00f3n regional desde donde accede al servicio, etc.<\/li>\n<li><strong>Cookies publicitarias:<\/strong> Son aqu\u00e9llas que permiten la gesti\u00f3n, de la forma m\u00e1s eficaz posible, de los espacios publicitarios que, en su caso, el editor haya incluido en una p\u00e1gina web, aplicaci\u00f3n o plataforma desde la que presta el servicio solicitado en base a criterios como el contenido editado o la frecuencia en la que se muestran los anuncios.<\/li>\n<\/ul>\n<\/div>\n<div>\n<ul>\n<li><strong>Cookies de publicidad comportamental:<\/strong> Son aqu\u00e9llas que permiten la gesti\u00f3n, de la forma m\u00e1s eficaz posible, de los espacios publicitarios que, en su caso, el editor haya incluido en una p\u00e1gina web, aplicaci\u00f3n o plataforma desde la que presta el servicio solicitado. Estas cookies almacenan informaci\u00f3n del comportamiento de los usuarios obtenida a trav\u00e9s de la observaci\u00f3n continuada de sus h\u00e1bitos de navegaci\u00f3n, lo que permite desarrollar un perfil espec\u00edfico para mostrar publicidad en funci\u00f3n del mismo.<\/li>\n<\/ul>\n<\/div>\n<div>\n<h3>Finalidades de las cookies<\/h3>\n<p>A continuaci\u00f3n, se presenta una lista de las cookies que puede encontrar en nuestro sitio Web y una breve descripci\u00f3n de su finalidad. Le aseguramos que ninguna de ellas conserva informaci\u00f3n de identificaci\u00f3n personal sobre usted. Algunas cookies personalizan su visita, otras recuerdan sus preferencias, mientras que otras solo nos proveen estad\u00edsticas de los<br \/>\nvisitantes.<\/p>\n<\/div>\n<div>\n<p><strong>COMUNIDAD DE EXPLOTACI\u00d3N THE DUKE UNO<\/strong> emplea cookies de almacenamiento local, y entendemos por estas, cualquier fichero creado por la web en su dispositivo de navegaci\u00f3n. Las cookies son una forma de almacenamiento local, pero existen otras. Es importante que la conozca para que pueda impedir su uso o bien borrar la informaci\u00f3n almacenada en su dispositivo:<\/p>\n<p>El almacenamiento local del navegador. Algunas webs utilizan almacenamientos locales llamados sessionStorage y localStorage para guardar informaci\u00f3n; sessionStorage se borra autom\u00e1ticamente cuando cierras el programa navegador, pero para borrar el localStorage debes borrar el historial del navegador.<\/p>\n<p>Adem\u00e1s, tu navegador tambi\u00e9n puede almacenar de forma autom\u00e1tica informaci\u00f3n en tu dispositivo, por ejemplo:<\/p>\n<p>El historial de p\u00e1ginas visitadas. Contiene la relaci\u00f3n de p\u00e1ginas que has visitado anteriormente.<\/p>\n<p>La memoria de formularios y contrase\u00f1as. Muchos navegadores memorizan los datos que introduces en los formularios web (por ejemplo, tu email, tu n\u00famero de tarjeta de cr\u00e9dito o tu contrase\u00f1a de acceso a una p\u00e1gina) para que no tengas que volver a escribirlos.<\/p>\n<p>La memoria cach\u00e9 del navegador, que contiene una copia de las p\u00e1ginas visitadas anteriormente para acelerar su visualizaci\u00f3n si vuelves a acceder m\u00e1s adelante. El historial de navegaci\u00f3n, la memoria del navegador y la cach\u00e9 est\u00e1n fuera de nuestro control. Es importante que borres toda esa informaci\u00f3n si utilizas un dispositivo que no es tuyo (por ejemplo, el tel\u00e9fono inteligente de otra persona o un ordenador p\u00fablico).<\/p>\n<p>Este sitio web emplea cookies propias, pertenecientes a tal dominio con la finalidad de atender a su solicitud de informaci\u00f3n.<\/p>\n<p>En caso de querer deshabilitar las cookies aceptadas, bien desde nuestro banner o en la parte superior izquierda del sitio web, en el candado, accedemos a cookies del sitio web, luego a Gestionar cookies del sitio y datos del sitio y ah\u00ed podr\u00e1s habilitar o deshabilitar el uso de estas.<\/p>\n<h3>Salvaguardas de protecci\u00f3n.<\/h3>\n<p>El usuario puede decidir si aceptar, o no, las cookies empleadas por el sitio web, adem\u00e1s, puede configurar el navegador para que le avise cuando un servidor quiera guardar una cookie o borrarlas de su ordenador. En caso de aceptar cookies de terceros y se desea retirar el consentimiento sobre las mismas, el Usuario puede encontrar las instrucciones en la configuraci\u00f3n de seguridad en su navegador Web.<\/p>\n<p>En el caso de las cookies de Google Analytics, esta empresa almacena las cookies en servidores ubicados en Estados Unidos y se compromete a no compartirla con terceros, excepto en los casos en los que sea necesario para el funcionamiento del sistema o cuando la ley obligue a tal efecto. Si desea impedir que Google Analytics recopile estad\u00edsticas de seguridad visite el siguiente enlace: <a href=\"https:\/\/tools.google.com\/dIpage\/gaoptout\">https:\/\/tools.google.com\/dIpage\/gaoptout<\/a><\/p>\n<p>Ejemplos<\/p>\n<ul>\n<li>Si utiliza Microsoft Internet Explorer, en la opci\u00f3n de men\u00fa Herramientas &gt; Opciones de Internet &gt; Privacidad &gt; Configuraci\u00f3n.<\/li>\n<li>Si utiliza Firefox, en la opci\u00f3n de men\u00fa Herramientas &gt; Opciones &gt; Privacidad &gt; Cookies.<\/li>\n<li>Si utiliza Google Chrome, en la opci\u00f3n de men\u00fa Configuraci\u00f3n &gt; Privacidad.<\/li>\n<li>Si utiliza Safari, en la opci\u00f3n de men\u00fa Preferencias &gt; Seguridad.<\/li>\n<li>Si utiliza \u00d3pera,.&gt; Configuraci\u00f3n &gt; Eliminar informaci\u00f3n personal.<\/li>\n<li>Si utiliza un explorador nativo de su terminal m\u00f3vil, Ajustes &gt; Borrar datos o Privacidad y Seguridad*<\/li>\n<\/ul>\n<p>*Puede diferir en funci\u00f3n al modelo de versi\u00f3n del sistema operativo.<\/p>\n<p>Puede hacer uso de la secci\u00f3n Ayuda que encontrar\u00e1 en la barra de herramientas de la mayor\u00eda de navegadores para cambiar los ajustes de su ordenador, sin embargo, algunas de las caracter\u00edsticas de nuestros servicios online pueden no funcionar o pueden resultar m\u00e1s complicadas de acceder si rechaza todas las cookies.<\/p>\n<p>Muchos navegadores permiten activar un modo privado mediante el cual las cookies se borran siempre despu\u00e9s de su visita. Dependiendo de cada navegador, este modo privado puede tener diferentes nombres, abajo puede encontrar una lista de los navegadores m\u00e1s comunes y los diferentes nombres de este modo privado:<\/p>\n<p>&#8211; Internet Explorer 8 y superior: InPrivate<br \/>\n&#8211; FireFox 3.5 y superior: Navegaci\u00f3n Privada<br \/>\n&#8211; Google Chrome 10 y superior: Inc\u00f3gnito<br \/>\n&#8211; Safari 2 y superior: Navegaci\u00f3n Privada<br \/>\n&#8211; Opera 10.5 y superior: Navegaci\u00f3n Privada<br \/>\n&#8211; Navegador: Pesta\u00f1a de inc\u00f3gnito<\/p>\n<\/div>\n<p>Por favor, lea atentamente la secci\u00f3n de ayuda de su navegador para conocer m\u00e1s acerca de c\u00f3mo activar el modo privado. Podr\u00e1 seguir visitando nuestra Web aunque su navegador est\u00e9 en modo privado, no obstante, la experiencia de usuario puede no ser \u00f3ptima y algunas utilidades pueden no funcionar.<\/p>\n<p>Adem\u00e1s, tambi\u00e9n puede gestionar el almac\u00e9n de cookies en su navegador a trav\u00e9s de herramientas como las siguientes:<\/p>\n<p>&#8211; Ghostery: www.ghostery.com\/<br \/>\n&#8211; Your online choices: www.youronlinechoices.com\/es\/<\/p>\n<p><strong>COMUNIDAD DE EXPLOTACI\u00d3N THE DUKE UNO<\/strong> le agradece que active la aceptaci\u00f3n de cookies, esto nos ayuda a obtener datos m\u00e1s precisos que nos permiten mejorar el contenido y el dise\u00f1o de nuestra p\u00e1gina Web para adaptarlo a sus preferencias.<\/p>\n<p>Adicionalmente, COMUNIDAD DE EXPLOTACI\u00d3N THE DUKE UNO tiene presencia en portales y servicios de terceros para los que, si se desea conocer las condiciones de privacidad y uso de cookies, deber\u00e1 consultar las pol\u00edticas proporcionadas por los mismos:<\/p>\n<p>Facebook: https:\/\/es-es.facebook.com\/help\/cookies<br \/>\nTwitter: https:\/\/twitter.com\/privacy<br \/>\nYouTube: https:\/\/www.google.es\/intl\/es\/policies\/technologies\/cookies\/<br \/>\nLinkedIn: http:\/www.linkedin.com\/legal\/privacy-policy<br \/>\nGoogle+: https:\/\/www.google.es\/intl\/es\/policies\/technologies\/cookies\/<br \/>\nInstagram: https:\/\/www.instagram.com\/legal\/cookies\/<\/p>\n<h3>\u00bfActualizamos nuestra Pol\u00edtica de Cookies?<\/h3>\n<p>Es posible que actualicemos la Pol\u00edtica de Cookies de nuestro Sitio Web, por ello le recomendamos revisar esta pol\u00edtica cada vez que acceda a nuestro Sitio Web con el objetivo de estar adecuadamente informado sobre c\u00f3mo y para qu\u00e9 usamos las cookies.<\/p>\n<p>El periodo de conservaci\u00f3n de los datos obtenidos para los diferentes fines en los t\u00e9rminos establecidos en el art\u00edculo 13.2 a) del RGPD y en relaci\u00f3n con el resto de informaci\u00f3n exigida en el art\u00edculo anteriormente mencionado, se encuentra contemplado en nuestra Pol\u00edtica de Privacidad.<\/p>\n","protected":false},"excerpt":{"rendered":"<p>Pol\u00edtica de Cookies COMUNIDAD DE EXPLOTACI\u00d3N THE DUKE UNO comunica a los usuarios, a trav\u00e9s de este aviso, que puede utilizar cookies cuando el usuario navega por las diferentes pantallas y p\u00e1ginas del sitio. A trav\u00e9s del fald\u00f3n de la pantalla principal de nuestro sitio web puede aceptar o rechazar el uso de cookies, de [&hellip;]<\/p>\n","protected":false},"author":1,"featured_media":0,"parent":0,"menu_order":0,"comment_status":"closed","ping_status":"closed","template":"","meta":{"footnotes":""},"class_list":["post-8805","page","type-page","status-publish","hentry"],"yoast_head":"<!-- This site is optimized with the Yoast SEO plugin v25.6 - https:\/\/yoast.com\/wordpress\/plugins\/seo\/ -->\n<title>Pol\u00edtica de cookies - The Duke Shops<\/title>\n<meta name=\"robots\" content=\"index, follow, max-snippet:-1, max-image-preview:large, max-video-preview:-1\" \/>\n<link rel=\"canonical\" href=\"https:\/\/thedukeshops.com\/es\/politica-de-cookies\/\" \/>\n<meta property=\"og:locale\" content=\"es_ES\" \/>\n<meta property=\"og:type\" content=\"article\" \/>\n<meta property=\"og:title\" content=\"Pol\u00edtica de cookies - The Duke Shops\" \/>\n<meta property=\"og:description\" content=\"Pol\u00edtica de Cookies COMUNIDAD DE EXPLOTACI\u00d3N THE DUKE UNO comunica a los usuarios, a trav\u00e9s de este aviso, que puede utilizar cookies cuando el usuario navega por las diferentes pantallas y p\u00e1ginas del sitio. A trav\u00e9s del fald\u00f3n de la pantalla principal de nuestro sitio web puede aceptar o rechazar el uso de cookies, de [&hellip;]\" \/>\n<meta property=\"og:url\" content=\"https:\/\/thedukeshops.com\/es\/politica-de-cookies\/\" \/>\n<meta property=\"og:site_name\" content=\"The Duke Shops\" \/>\n<meta property=\"article:modified_time\" content=\"2025-03-09T23:36:47+00:00\" \/>\n<meta name=\"twitter:card\" content=\"summary_large_image\" \/>\n<meta name=\"twitter:label1\" content=\"Tiempo de lectura\" \/>\n\t<meta name=\"twitter:data1\" content=\"10 minutos\" \/>\n<script type=\"application\/ld+json\" class=\"yoast-schema-graph\">{\"@context\":\"https:\/\/schema.org\",\"@graph\":[{\"@type\":\"WebPage\",\"@id\":\"https:\/\/thedukeshops.com\/es\/politica-de-cookies\/\",\"url\":\"https:\/\/thedukeshops.com\/es\/politica-de-cookies\/\",\"name\":\"Pol\u00edtica de cookies - The Duke Shops\",\"isPartOf\":{\"@id\":\"https:\/\/thedukeshops.com\/es\/#website\"},\"datePublished\":\"2025-03-09T23:00:42+00:00\",\"dateModified\":\"2025-03-09T23:36:47+00:00\",\"breadcrumb\":{\"@id\":\"https:\/\/thedukeshops.com\/es\/politica-de-cookies\/#breadcrumb\"},\"inLanguage\":\"es\",\"potentialAction\":[{\"@type\":\"ReadAction\",\"target\":[\"https:\/\/thedukeshops.com\/es\/politica-de-cookies\/\"]}]},{\"@type\":\"BreadcrumbList\",\"@id\":\"https:\/\/thedukeshops.com\/es\/politica-de-cookies\/#breadcrumb\",\"itemListElement\":[{\"@type\":\"ListItem\",\"position\":1,\"name\":\"Home\",\"item\":\"https:\/\/thedukeshops.com\/es\/\"},{\"@type\":\"ListItem\",\"position\":2,\"name\":\"Pol\u00edtica de cookies\"}]},{\"@type\":\"WebSite\",\"@id\":\"https:\/\/thedukeshops.com\/es\/#website\",\"url\":\"https:\/\/thedukeshops.com\/es\/\",\"name\":\"The Duke Shops\",\"description\":\"\",\"publisher\":{\"@id\":\"https:\/\/thedukeshops.com\/es\/#organization\"},\"potentialAction\":[{\"@type\":\"SearchAction\",\"target\":{\"@type\":\"EntryPoint\",\"urlTemplate\":\"https:\/\/thedukeshops.com\/es\/?s={search_term_string}\"},\"query-input\":{\"@type\":\"PropertyValueSpecification\",\"valueRequired\":true,\"valueName\":\"search_term_string\"}}],\"inLanguage\":\"es\"},{\"@type\":\"Organization\",\"@id\":\"https:\/\/thedukeshops.com\/es\/#organization\",\"name\":\"The Duke Shops\",\"url\":\"https:\/\/thedukeshops.com\/es\/\",\"logo\":{\"@type\":\"ImageObject\",\"inLanguage\":\"es\",\"@id\":\"https:\/\/thedukeshops.com\/es\/#\/schema\/logo\/image\/\",\"url\":\"https:\/\/thedukeshops.com\/wp-content\/uploads\/2025\/03\/the-duke-shops_white-h-1.png\",\"contentUrl\":\"https:\/\/thedukeshops.com\/wp-content\/uploads\/2025\/03\/the-duke-shops_white-h-1.png\",\"width\":1408,\"height\":200,\"caption\":\"The Duke Shops\"},\"image\":{\"@id\":\"https:\/\/thedukeshops.com\/es\/#\/schema\/logo\/image\/\"}}]}<\/script>\n<!-- \/ Yoast SEO plugin. -->","yoast_head_json":{"title":"Pol\u00edtica de cookies - The Duke Shops","robots":{"index":"index","follow":"follow","max-snippet":"max-snippet:-1","max-image-preview":"max-image-preview:large","max-video-preview":"max-video-preview:-1"},"canonical":"https:\/\/thedukeshops.com\/es\/politica-de-cookies\/","og_locale":"es_ES","og_type":"article","og_title":"Pol\u00edtica de cookies - The Duke Shops","og_description":"Pol\u00edtica de Cookies COMUNIDAD DE EXPLOTACI\u00d3N THE DUKE UNO comunica a los usuarios, a trav\u00e9s de este aviso, que puede utilizar cookies cuando el usuario navega por las diferentes pantallas y p\u00e1ginas del sitio. A trav\u00e9s del fald\u00f3n de la pantalla principal de nuestro sitio web puede aceptar o rechazar el uso de cookies, de [&hellip;]","og_url":"https:\/\/thedukeshops.com\/es\/politica-de-cookies\/","og_site_name":"The Duke Shops","article_modified_time":"2025-03-09T23:36:47+00:00","twitter_card":"summary_large_image","twitter_misc":{"Tiempo de lectura":"10 minutos"},"schema":{"@context":"https:\/\/schema.org","@graph":[{"@type":"WebPage","@id":"https:\/\/thedukeshops.com\/es\/politica-de-cookies\/","url":"https:\/\/thedukeshops.com\/es\/politica-de-cookies\/","name":"Pol\u00edtica de cookies - The Duke Shops","isPartOf":{"@id":"https:\/\/thedukeshops.com\/es\/#website"},"datePublished":"2025-03-09T23:00:42+00:00","dateModified":"2025-03-09T23:36:47+00:00","breadcrumb":{"@id":"https:\/\/thedukeshops.com\/es\/politica-de-cookies\/#breadcrumb"},"inLanguage":"es","potentialAction":[{"@type":"ReadAction","target":["https:\/\/thedukeshops.com\/es\/politica-de-cookies\/"]}]},{"@type":"BreadcrumbList","@id":"https:\/\/thedukeshops.com\/es\/politica-de-cookies\/#breadcrumb","itemListElement":[{"@type":"ListItem","position":1,"name":"Home","item":"https:\/\/thedukeshops.com\/es\/"},{"@type":"ListItem","position":2,"name":"Pol\u00edtica de cookies"}]},{"@type":"WebSite","@id":"https:\/\/thedukeshops.com\/es\/#website","url":"https:\/\/thedukeshops.com\/es\/","name":"The Duke Shops","description":"","publisher":{"@id":"https:\/\/thedukeshops.com\/es\/#organization"},"potentialAction":[{"@type":"SearchAction","target":{"@type":"EntryPoint","urlTemplate":"https:\/\/thedukeshops.com\/es\/?s={search_term_string}"},"query-input":{"@type":"PropertyValueSpecification","valueRequired":true,"valueName":"search_term_string"}}],"inLanguage":"es"},{"@type":"Organization","@id":"https:\/\/thedukeshops.com\/es\/#organization","name":"The Duke Shops","url":"https:\/\/thedukeshops.com\/es\/","logo":{"@type":"ImageObject","inLanguage":"es","@id":"https:\/\/thedukeshops.com\/es\/#\/schema\/logo\/image\/","url":"https:\/\/thedukeshops.com\/wp-content\/uploads\/2025\/03\/the-duke-shops_white-h-1.png","contentUrl":"https:\/\/thedukeshops.com\/wp-content\/uploads\/2025\/03\/the-duke-shops_white-h-1.png","width":1408,"height":200,"caption":"The Duke Shops"},"image":{"@id":"https:\/\/thedukeshops.com\/es\/#\/schema\/logo\/image\/"}}]}},"_links":{"self":[{"href":"https:\/\/thedukeshops.com\/es\/wp-json\/wp\/v2\/pages\/8805","targetHints":{"allow":["GET"]}}],"collection":[{"href":"https:\/\/thedukeshops.com\/es\/wp-json\/wp\/v2\/pages"}],"about":[{"href":"https:\/\/thedukeshops.com\/es\/wp-json\/wp\/v2\/types\/page"}],"author":[{"embeddable":true,"href":"https:\/\/thedukeshops.com\/es\/wp-json\/wp\/v2\/users\/1"}],"replies":[{"embeddable":true,"href":"https:\/\/thedukeshops.com\/es\/wp-json\/wp\/v2\/comments?post=8805"}],"version-history":[{"count":2,"href":"https:\/\/thedukeshops.com\/es\/wp-json\/wp\/v2\/pages\/8805\/revisions"}],"predecessor-version":[{"id":8807,"href":"https:\/\/thedukeshops.com\/es\/wp-json\/wp\/v2\/pages\/8805\/revisions\/8807"}],"wp:attachment":[{"href":"https:\/\/thedukeshops.com\/es\/wp-json\/wp\/v2\/media?parent=8805"}],"curies":[{"name":"wp","href":"https:\/\/api.w.org\/{rel}","templated":true}]}}