{"id":8802,"date":"2025-03-09T23:59:56","date_gmt":"2025-03-09T22:59:56","guid":{"rendered":"https:\/\/thedukeshops.com\/?page_id=8802"},"modified":"2025-03-10T00:34:34","modified_gmt":"2025-03-09T23:34:34","slug":"privacidad","status":"publish","type":"page","link":"https:\/\/thedukeshops.com\/es\/privacidad\/","title":{"rendered":"Pol\u00edtica de Privacidad"},"content":{"rendered":"<h1>POL\u00cdTICA DE PRIVACIDAD Y PROTECCI\u00d3N DE DATOS<\/h1>\n<table style=\"border-color: gray;\" border=\"1\">\n<tbody>\n<tr>\n<td colspan=\"2\"><strong>Informaci\u00f3n B\u00e1sica sobre Protecci\u00f3n de Datos<\/strong><\/td>\n<\/tr>\n<tr>\n<td><strong>Responsable<\/strong><\/td>\n<td>COMUNIDAD DE EXPLOTACI\u00d3N THE DUKE UNO<\/td>\n<\/tr>\n<tr>\n<td><strong>Finalidad<\/strong><\/td>\n<td>Atender su solicitud de informaci\u00f3n, ejecuci\u00f3n del contrato de prestaci\u00f3n del servicio, env\u00edo de comunicaciones comerciales con su consentimiento.<\/td>\n<\/tr>\n<tr>\n<td><strong>Legitimaci\u00f3n<\/strong><\/td>\n<td>Ejecuci\u00f3n de contrato y consentimiento del interesado (art. 6.1 a) y b) REPD).<\/td>\n<\/tr>\n<tr>\n<td><strong>Destinatarios<\/strong><\/td>\n<td>No se ceder\u00e1n datos a terceros, salvo obligaci\u00f3n legal.<\/td>\n<\/tr>\n<tr>\n<td><strong>Derechos<\/strong><\/td>\n<td>Tiene derecho a acceder, rectificar y suprimir los datos, as\u00ed como otros derechos indicados en la informaci\u00f3n adicional, que puede ejercer dirigi\u00e9ndose a AVD. BRUSELAS N.\u00ba 17, 38660 ADEJE SANTA CRUZ DE TENERIFE ESPA\u00d1A.<\/td>\n<\/tr>\n<\/tbody>\n<\/table>\n<h3>General<\/h3>\n<p>A los efectos de lo previsto en el <strong>Reglamento Europeo de Protecci\u00f3n de Datos UE 2016\/679<\/strong>, de 27 de abril, del Parlamento y el Consejo, en la <strong>Ley 3\/2018<\/strong>, de 5 de diciembre, de Protecci\u00f3n de Datos y Garant\u00eda de los Derechos Digitales y el resto de la normativa nacional vigente, <strong>COMUNIDAD DE EXPLOTACI\u00d3N THE DUKE UNO<\/strong> le informa que cumple \u00edntegramente con la legislaci\u00f3n vigente en materia de protecci\u00f3n de datos de car\u00e1cter personal y con los compromisos de confidencialidad propios de su actividad.<\/p>\n<p><strong>COMUNIDAD DE EXPLOTACI\u00d3N THE DUKE UNO<\/strong> pone en su conocimiento la existencia de un sistema de tratamiento de la informaci\u00f3n, titularidad de <strong>COMUNIDAD DE EXPLOTACI\u00d3N THE DUKE UNO<\/strong>, para las finalidades propias de gesti\u00f3n, comunicaci\u00f3n e informaci\u00f3n. El citado sistema se encuentra descrito en el correspondiente <strong>Registro de Actividades de Tratamiento del RT<\/strong>.<\/p>\n<h3>Medidas y Niveles de Seguridad<\/h3>\n<p><strong>COMUNIDAD DE EXPLOTACI\u00d3N THE DUKE UNO<\/strong> ha adoptado las medidas necesarias para garantizar la seguridad de la informaci\u00f3n, tal y como exige el <strong>art\u00edculo 32 del RGPD<\/strong>, seg\u00fan la naturaleza de los datos personales tratados y las circunstancias del tratamiento.<\/p>\n<p>El objetivo de estas medidas es evitar, en la medida de lo posible y siempre conforme al estado de la t\u00e9cnica, la <strong>alteraci\u00f3n, p\u00e9rdida, tratamiento o acceso no autorizado<\/strong> a los datos personales, garantizando con ello su <strong>confidencialidad, integridad y disponibilidad<\/strong>.<\/p>\n<h3>\u00c1mbito de Aplicaci\u00f3n<\/h3>\n<p>Las medidas de seguridad que <strong>COMUNIDAD DE EXPLOTACI\u00d3N THE DUKE UNO<\/strong> tenga descritas en el <strong>Registro de Actividades de Tratamiento<\/strong> ser\u00e1n aplicadas al conjunto de activos del sistema de tratamiento de la informaci\u00f3n en el que se traten los datos de car\u00e1cter personal, con el objeto de dar cumplimiento a la legislaci\u00f3n vigente en materia de protecci\u00f3n de datos.<\/p>\n<p>Todo el personal contratado por <strong>COMUNIDAD DE EXPLOTACI\u00d3N THE DUKE UNO<\/strong> y sus <strong>Encargados de Tratamiento<\/strong> est\u00e1n obligados al cumplimiento de la citada normativa, con especial atenci\u00f3n en lo relativo a sus funciones y obligaciones, incluido el <strong>deber de secreto<\/strong>, que ser\u00e1n debidamente determinadas por <strong>COMUNIDAD DE EXPLOTACI\u00d3N THE DUKE UNO<\/strong>.<\/p>\n<h3>Transferencia Internacional de Datos<\/h3>\n<p><strong>COMUNIDAD DE EXPLOTACI\u00d3N THE DUKE UNO<\/strong> tiene sus servidores situados en relaci\u00f3n a los datos de car\u00e1cter personal de los que es titular y que se traten por este sitio web. Dichos datos se encuentran sometidos al <strong>acuerdo de adecuaci\u00f3n con la UE<\/strong>, que asegura el libre flujo de datos personales entre ambas partes, cumpliendo con lo establecido en el <strong>art\u00edculo 45 del RGPD<\/strong>.<\/p>\n<p>Asimismo, los servidores en los que se aloja la web de <strong>COMUNIDAD DE EXPLOTACI\u00d3N THE DUKE UNO<\/strong> cumplen con las <strong>garant\u00edas adecuadas<\/strong> contempladas por el <strong>art\u00edculo 46 del RGPD<\/strong>.<\/p>\n<h3>Recogida de Datos<\/h3>\n<p>La aceptaci\u00f3n de las presentes condiciones precisa del usuario la recogida de unos datos imprescindibles para la prestaci\u00f3n de sus servicios, que le ser\u00e1n solicitados personalmente a trav\u00e9s de formularios o de la p\u00e1gina web. En el momento de la recogida de los datos, el usuario ser\u00e1 debidamente informado de los derechos que le asisten.<\/p>\n<p>Para que la informaci\u00f3n que contiene nuestro sistema de tratamiento est\u00e9 siempre actualizada y no contenga errores, pedimos a nuestros clientes y usuarios que nos comuniquen, a la mayor brevedad posible, las modificaciones y rectificaciones de sus datos de car\u00e1cter personal.<\/p>\n<h3>Ejercicio de Derechos<\/h3>\n<p>Para ejercitar los <strong>Derechos de acceso, impugnaci\u00f3n, rectificaci\u00f3n, cancelaci\u00f3n, supresi\u00f3n u oposici\u00f3n, portabilidad, limitaci\u00f3n del tratamiento<\/strong>, deber\u00e1n dirigirse a <strong>COMUNIDAD DE EXPLOTACI\u00d3N THE DUKE UNO<\/strong>, con domicilio en <strong>AVD. BRUSELAS N? 17, 38660 ADEJE SANTA CRUZ DE TENERIFE, ESPA\u00d1A<\/strong>, mediante comunicaci\u00f3n por escrito o mediante correo electr\u00f3nico a la direcci\u00f3n <a href=\"mailto:rosahernand77@hotmail.es\">rosahernand77@hotmail.es<\/a>.<\/p>\n<p>Tambi\u00e9n puede presentar reclamaci\u00f3n ante la <strong>AEPD<\/strong>.<\/p>\n<h3>Consentimiento<\/h3>\n<p>El usuario prestar\u00e1 su <strong>consentimiento<\/strong> para que <strong>COMUNIDAD DE EXPLOTACI\u00d3N THE DUKE UNO<\/strong> pueda hacer uso de sus datos personales a fin de prestar un correcto cumplimiento de los servicios contratados.<\/p>\n<p>La cumplimentaci\u00f3n del formulario incluido en el sitio o el env\u00edo de correos electr\u00f3nicos u otras comunicaciones a <strong>COMUNIDAD DE EXPLOTACI\u00d3N THE DUKE UNO<\/strong>, implica el <strong>consentimiento expreso<\/strong> del usuario a la inclusi\u00f3n de sus datos de car\u00e1cter personal en el referido sistema de tratamiento, titularidad de <strong>COMUNIDAD DE EXPLOTACI\u00d3N THE DUKE UNO<\/strong>.<\/p>\n<p>Al tiempo de la petici\u00f3n de esta informaci\u00f3n, se comunicar\u00e1 al cliente o usuario:<\/p>\n<ul>\n<li>El destinatario de la informaci\u00f3n,<\/li>\n<li>La finalidad para la cual se recogen los datos,<\/li>\n<li>La identidad y direcci\u00f3n de <strong>COMUNIDAD DE EXPLOTACI\u00d3N THE DUKE UNO<\/strong>,<\/li>\n<li>Y la facultad del usuario de ejercitar los derechos de acceso, impugnaci\u00f3n, rectificaci\u00f3n, cancelaci\u00f3n, supresi\u00f3n u oposici\u00f3n, portabilidad, limitaci\u00f3n del tratamiento y a presentar reclamaci\u00f3n ante la <strong>AEPD<\/strong>.<\/li>\n<\/ul>\n<h3>Cesi\u00f3n a Terceros<\/h3>\n<p><strong>COMUNIDAD DE EXPLOTACI\u00d3N THE DUKE UNO<\/strong> no cede datos de car\u00e1cter personal sin el <strong>consentimiento expreso<\/strong> de sus titulares, que deber\u00e1 ser concedido en cada ocasi\u00f3n, siendo s\u00f3lo cedidos con la finalidad expresada y siempre con el consentimiento del usuario o cliente.<\/p>\n<h3>Confidencialidad y Secreto Profesional<\/h3>\n<p>Los datos recogidos en todas las comunicaciones privadas entre <strong>COMUNIDAD DE EXPLOTACI\u00d3N THE DUKE UNO<\/strong> y los clientes o usuarios ser\u00e1n tratados con absoluta confidencialidad, comprometi\u00e9ndose <strong>COMUNIDAD DE EXPLOTACI\u00d3N THE DUKE UNO<\/strong> a la obligaci\u00f3n de secreto de los datos de car\u00e1cter personal, a su deber de guardarlos y adoptar todas las medidas necesarias que eviten su alteraci\u00f3n, p\u00e9rdida y tratamiento o acceso no autorizado, de acuerdo con lo establecido en la normativa vigente.<\/p>\n<p>Adem\u00e1s, tambi\u00e9n tendr\u00e1 la condici\u00f3n de confidencial la informaci\u00f3n de cualquier tipo que las partes intercambien entre s\u00ed, aquella que estas acuerden que tiene tal naturaleza, o la que simplemente verse sobre el contenido de dicha informaci\u00f3n. La visualizaci\u00f3n de datos a trav\u00e9s de Internet, no supondr\u00e1 el acceso directo a los mismos, salvo consentimiento expreso de su titular para cada ocasi\u00f3n.<\/p>\n<p>Recomendamos al cliente que no facilite a tercero alguno su identificaci\u00f3n, contrase\u00f1a o n\u00fameros de referencia que <strong>COMUNIDAD DE EXPLOTACI\u00d3N THE DUKE UNO<\/strong> pudiera proporcionarle. Asimismo, para garantizar que la protecci\u00f3n del secreto profesional entre <strong>COMUNIDAD DE EXPLOTACI\u00d3N THE DUKE UNO<\/strong> y el cliente se preserve en todas las comunicaciones, el cliente\/usuario no debe revelar la informaci\u00f3n confidencial a terceros.<\/p>\n<h3>Cambios en la Pol\u00edtica de Seguridad y de Protecci\u00f3n de Datos<\/h3>\n<p><strong>COMUNIDAD DE EXPLOTACI\u00d3N THE DUKE UNO<\/strong> se reserva el derecho de modificar su pol\u00edtica de seguridad y protecci\u00f3n de datos con el objeto de adaptarlo a las novedades legislativas o jurisprudenciales, as\u00ed como las que pudieran derivarse de c\u00f3digos tipo existentes en la materia, o por decisiones corporativas estrat\u00e9gicas, con efectos de la fecha de publicaci\u00f3n de dicha modificaci\u00f3n en la p\u00e1gina Web de <strong>COMUNIDAD DE EXPLOTACI\u00d3N THE DUKE UNO<\/strong>.<\/p>\n<h3>Direcci\u00f3n de Contacto<\/h3>\n<p>El sitio Web <a href=\"http:\/\/thedukeshop.com\/\" target=\"_blank\" rel=\"noopener\">http:\/\/thedukeshop.com\/<\/a> es gestionado por <strong>COMUNIDAD DE EXPLOTACI\u00d3N THE DUKE UNO<\/strong>, Inscrita en el Registro Mercantil con los siguientes datos con CIF E76785310.<\/p>\n<p>El sistema de tratamiento de la informaci\u00f3n creado, est\u00e1 ubicado en el domicilio social, el cual queda establecido a los efectos del presente Aviso Legal, en <strong>COMUNIDAD DE EXPLOTACI\u00d3N THE DUKE UNO<\/strong>, AVD. BRUSELAS N* 17, 38660 ADEJE SANTA CRUZ DE TENERIFE ESPA\u00d1A; bajo la supervisi\u00f3n y control de <strong>COMUNIDAD DE EXPLOTACI\u00d3N THE DUKE UNO<\/strong>, quien asume la responsabilidad en la adopci\u00f3n de medidas de seguridad de \u00edndole t\u00e9cnica y organizativa para proteger la confidencialidad e integridad de la informaci\u00f3n, de acuerdo con lo establecido en el Reglamento Europeo de Protecci\u00f3n de Datos UE 2016\/679, de 27 de Abril, del Parlamento y el Consejo; la Ley Org\u00e1nica 3\/2018, de 5 de Diciembre, de Protecci\u00f3n de Datos y Garant\u00eda de los Derechos Digitales y resto de la normativa nacional vigente y dem\u00e1s legislaci\u00f3n aplicable.<\/p>\n<p><strong>COMUNIDAD DE EXPLOTACI\u00d3N THE DUKE UNO<\/strong> a tenor de la Ley 34\/2002, de Servicios de la Sociedad de la Informaci\u00f3n y del Comercio Electr\u00f3nico, les comunica que la acepci\u00f3n amplia de dicha Ley, engloba entre estos servicios el suministro de informaci\u00f3n por dicho medio. En todo caso, ser\u00e1 de aplicaci\u00f3n a este respecto, el Reglamento Europeo de Protecci\u00f3n de Datos UE 2016\/679, de 27 de Abril del Parlamento y el Consejo; la Ley Org\u00e1nica 3\/2018, de 5 de Diciembre, de Protecci\u00f3n de Datos y Garant\u00eda de los Derechos Digitales y resto de la normativa nacional vigente y su normativa de desarrollo, en especial, en lo que se refiere a la obtenci\u00f3n de datos personales, la informaci\u00f3n a los interesados y la creaci\u00f3n y mantenimiento de tratamientos de datos personales.<\/p>\n","protected":false},"excerpt":{"rendered":"<p>POL\u00cdTICA DE PRIVACIDAD Y PROTECCI\u00d3N DE DATOS Informaci\u00f3n B\u00e1sica sobre Protecci\u00f3n de Datos Responsable COMUNIDAD DE EXPLOTACI\u00d3N THE DUKE UNO Finalidad Atender su solicitud de informaci\u00f3n, ejecuci\u00f3n del contrato de prestaci\u00f3n del servicio, env\u00edo de comunicaciones comerciales con su consentimiento. Legitimaci\u00f3n Ejecuci\u00f3n de contrato y consentimiento del interesado (art. 6.1 a) y b) REPD). Destinatarios [&hellip;]<\/p>\n","protected":false},"author":1,"featured_media":0,"parent":0,"menu_order":0,"comment_status":"closed","ping_status":"closed","template":"","meta":{"footnotes":""},"class_list":["post-8802","page","type-page","status-publish","hentry"],"yoast_head":"<!-- This site is optimized with the Yoast SEO plugin v25.6 - https:\/\/yoast.com\/wordpress\/plugins\/seo\/ -->\n<title>Pol\u00edtica de Privacidad - The Duke Shops<\/title>\n<meta name=\"robots\" content=\"index, follow, max-snippet:-1, max-image-preview:large, max-video-preview:-1\" \/>\n<link rel=\"canonical\" href=\"https:\/\/thedukeshops.com\/es\/privacidad\/\" \/>\n<meta property=\"og:locale\" content=\"es_ES\" \/>\n<meta property=\"og:type\" content=\"article\" \/>\n<meta property=\"og:title\" content=\"Pol\u00edtica de Privacidad - The Duke Shops\" \/>\n<meta property=\"og:description\" content=\"POL\u00cdTICA DE PRIVACIDAD Y PROTECCI\u00d3N DE DATOS Informaci\u00f3n B\u00e1sica sobre Protecci\u00f3n de Datos Responsable COMUNIDAD DE EXPLOTACI\u00d3N THE DUKE UNO Finalidad Atender su solicitud de informaci\u00f3n, ejecuci\u00f3n del contrato de prestaci\u00f3n del servicio, env\u00edo de comunicaciones comerciales con su consentimiento. Legitimaci\u00f3n Ejecuci\u00f3n de contrato y consentimiento del interesado (art. 6.1 a) y b) REPD). Destinatarios [&hellip;]\" \/>\n<meta property=\"og:url\" content=\"https:\/\/thedukeshops.com\/es\/privacidad\/\" \/>\n<meta property=\"og:site_name\" content=\"The Duke Shops\" \/>\n<meta property=\"article:modified_time\" content=\"2025-03-09T23:34:34+00:00\" \/>\n<meta name=\"twitter:card\" content=\"summary_large_image\" \/>\n<meta name=\"twitter:label1\" content=\"Tiempo de lectura\" \/>\n\t<meta name=\"twitter:data1\" content=\"8 minutos\" \/>\n<script type=\"application\/ld+json\" class=\"yoast-schema-graph\">{\"@context\":\"https:\/\/schema.org\",\"@graph\":[{\"@type\":\"WebPage\",\"@id\":\"https:\/\/thedukeshops.com\/es\/privacidad\/\",\"url\":\"https:\/\/thedukeshops.com\/es\/privacidad\/\",\"name\":\"Pol\u00edtica de Privacidad - The Duke Shops\",\"isPartOf\":{\"@id\":\"https:\/\/thedukeshops.com\/es\/#website\"},\"datePublished\":\"2025-03-09T22:59:56+00:00\",\"dateModified\":\"2025-03-09T23:34:34+00:00\",\"breadcrumb\":{\"@id\":\"https:\/\/thedukeshops.com\/es\/privacidad\/#breadcrumb\"},\"inLanguage\":\"es\",\"potentialAction\":[{\"@type\":\"ReadAction\",\"target\":[\"https:\/\/thedukeshops.com\/es\/privacidad\/\"]}]},{\"@type\":\"BreadcrumbList\",\"@id\":\"https:\/\/thedukeshops.com\/es\/privacidad\/#breadcrumb\",\"itemListElement\":[{\"@type\":\"ListItem\",\"position\":1,\"name\":\"Home\",\"item\":\"https:\/\/thedukeshops.com\/es\/\"},{\"@type\":\"ListItem\",\"position\":2,\"name\":\"Pol\u00edtica de Privacidad\"}]},{\"@type\":\"WebSite\",\"@id\":\"https:\/\/thedukeshops.com\/es\/#website\",\"url\":\"https:\/\/thedukeshops.com\/es\/\",\"name\":\"The Duke Shops\",\"description\":\"\",\"publisher\":{\"@id\":\"https:\/\/thedukeshops.com\/es\/#organization\"},\"potentialAction\":[{\"@type\":\"SearchAction\",\"target\":{\"@type\":\"EntryPoint\",\"urlTemplate\":\"https:\/\/thedukeshops.com\/es\/?s={search_term_string}\"},\"query-input\":{\"@type\":\"PropertyValueSpecification\",\"valueRequired\":true,\"valueName\":\"search_term_string\"}}],\"inLanguage\":\"es\"},{\"@type\":\"Organization\",\"@id\":\"https:\/\/thedukeshops.com\/es\/#organization\",\"name\":\"The Duke Shops\",\"url\":\"https:\/\/thedukeshops.com\/es\/\",\"logo\":{\"@type\":\"ImageObject\",\"inLanguage\":\"es\",\"@id\":\"https:\/\/thedukeshops.com\/es\/#\/schema\/logo\/image\/\",\"url\":\"https:\/\/thedukeshops.com\/wp-content\/uploads\/2025\/03\/the-duke-shops_white-h-1.png\",\"contentUrl\":\"https:\/\/thedukeshops.com\/wp-content\/uploads\/2025\/03\/the-duke-shops_white-h-1.png\",\"width\":1408,\"height\":200,\"caption\":\"The Duke Shops\"},\"image\":{\"@id\":\"https:\/\/thedukeshops.com\/es\/#\/schema\/logo\/image\/\"}}]}<\/script>\n<!-- \/ Yoast SEO plugin. -->","yoast_head_json":{"title":"Pol\u00edtica de Privacidad - The Duke Shops","robots":{"index":"index","follow":"follow","max-snippet":"max-snippet:-1","max-image-preview":"max-image-preview:large","max-video-preview":"max-video-preview:-1"},"canonical":"https:\/\/thedukeshops.com\/es\/privacidad\/","og_locale":"es_ES","og_type":"article","og_title":"Pol\u00edtica de Privacidad - The Duke Shops","og_description":"POL\u00cdTICA DE PRIVACIDAD Y PROTECCI\u00d3N DE DATOS Informaci\u00f3n B\u00e1sica sobre Protecci\u00f3n de Datos Responsable COMUNIDAD DE EXPLOTACI\u00d3N THE DUKE UNO Finalidad Atender su solicitud de informaci\u00f3n, ejecuci\u00f3n del contrato de prestaci\u00f3n del servicio, env\u00edo de comunicaciones comerciales con su consentimiento. Legitimaci\u00f3n Ejecuci\u00f3n de contrato y consentimiento del interesado (art. 6.1 a) y b) REPD). Destinatarios [&hellip;]","og_url":"https:\/\/thedukeshops.com\/es\/privacidad\/","og_site_name":"The Duke Shops","article_modified_time":"2025-03-09T23:34:34+00:00","twitter_card":"summary_large_image","twitter_misc":{"Tiempo de lectura":"8 minutos"},"schema":{"@context":"https:\/\/schema.org","@graph":[{"@type":"WebPage","@id":"https:\/\/thedukeshops.com\/es\/privacidad\/","url":"https:\/\/thedukeshops.com\/es\/privacidad\/","name":"Pol\u00edtica de Privacidad - The Duke Shops","isPartOf":{"@id":"https:\/\/thedukeshops.com\/es\/#website"},"datePublished":"2025-03-09T22:59:56+00:00","dateModified":"2025-03-09T23:34:34+00:00","breadcrumb":{"@id":"https:\/\/thedukeshops.com\/es\/privacidad\/#breadcrumb"},"inLanguage":"es","potentialAction":[{"@type":"ReadAction","target":["https:\/\/thedukeshops.com\/es\/privacidad\/"]}]},{"@type":"BreadcrumbList","@id":"https:\/\/thedukeshops.com\/es\/privacidad\/#breadcrumb","itemListElement":[{"@type":"ListItem","position":1,"name":"Home","item":"https:\/\/thedukeshops.com\/es\/"},{"@type":"ListItem","position":2,"name":"Pol\u00edtica de Privacidad"}]},{"@type":"WebSite","@id":"https:\/\/thedukeshops.com\/es\/#website","url":"https:\/\/thedukeshops.com\/es\/","name":"The Duke Shops","description":"","publisher":{"@id":"https:\/\/thedukeshops.com\/es\/#organization"},"potentialAction":[{"@type":"SearchAction","target":{"@type":"EntryPoint","urlTemplate":"https:\/\/thedukeshops.com\/es\/?s={search_term_string}"},"query-input":{"@type":"PropertyValueSpecification","valueRequired":true,"valueName":"search_term_string"}}],"inLanguage":"es"},{"@type":"Organization","@id":"https:\/\/thedukeshops.com\/es\/#organization","name":"The Duke Shops","url":"https:\/\/thedukeshops.com\/es\/","logo":{"@type":"ImageObject","inLanguage":"es","@id":"https:\/\/thedukeshops.com\/es\/#\/schema\/logo\/image\/","url":"https:\/\/thedukeshops.com\/wp-content\/uploads\/2025\/03\/the-duke-shops_white-h-1.png","contentUrl":"https:\/\/thedukeshops.com\/wp-content\/uploads\/2025\/03\/the-duke-shops_white-h-1.png","width":1408,"height":200,"caption":"The Duke Shops"},"image":{"@id":"https:\/\/thedukeshops.com\/es\/#\/schema\/logo\/image\/"}}]}},"_links":{"self":[{"href":"https:\/\/thedukeshops.com\/es\/wp-json\/wp\/v2\/pages\/8802","targetHints":{"allow":["GET"]}}],"collection":[{"href":"https:\/\/thedukeshops.com\/es\/wp-json\/wp\/v2\/pages"}],"about":[{"href":"https:\/\/thedukeshops.com\/es\/wp-json\/wp\/v2\/types\/page"}],"author":[{"embeddable":true,"href":"https:\/\/thedukeshops.com\/es\/wp-json\/wp\/v2\/users\/1"}],"replies":[{"embeddable":true,"href":"https:\/\/thedukeshops.com\/es\/wp-json\/wp\/v2\/comments?post=8802"}],"version-history":[{"count":1,"href":"https:\/\/thedukeshops.com\/es\/wp-json\/wp\/v2\/pages\/8802\/revisions"}],"predecessor-version":[{"id":8803,"href":"https:\/\/thedukeshops.com\/es\/wp-json\/wp\/v2\/pages\/8802\/revisions\/8803"}],"wp:attachment":[{"href":"https:\/\/thedukeshops.com\/es\/wp-json\/wp\/v2\/media?parent=8802"}],"curies":[{"name":"wp","href":"https:\/\/api.w.org\/{rel}","templated":true}]}}